{"id":42,"date":"2021-07-05T10:56:36","date_gmt":"2021-07-05T09:56:36","guid":{"rendered":"http:\/\/127.0.0.1:8080\/edsa-oxido%20de%20zinc\/?page_id=42"},"modified":"2026-01-12T10:49:51","modified_gmt":"2026-01-12T09:49:51","slug":"presentacion","status":"publish","type":"page","link":"http:\/\/oxidodezinc.es\/index.php\/sample-page\/presentacion\/","title":{"rendered":"Presentaci\u00f3n"},"content":{"rendered":"<p>Sodemin S.L. es una empresa espa\u00f1ola constituida en 1991, especializada en la distribuci\u00f3n de \u00f3xido de zinc para aplicaciones industriales y t\u00e9cnicas. Con m\u00e1s de 30 a\u00f1os de trayectoria, Sodemin act\u00faa como distribuidor autorizado en Espa\u00f1a y mercados seleccionados de Everzinc, l\u00edder mundial en la producci\u00f3n de \u00f3xido de zinc.<\/p>\n<p><a href=\"https:\/\/www.everzinc.com\/en\/\" target=\"_blank\" rel=\"noopener\">Everzinc<\/a> es el principal productor global de \u00f3xido de zinc, con una capacidad productiva superior a 75.000 toneladas anuales. Su cat\u00e1logo abarca una amplia gama de \u00f3xidos de zinc de alta pureza, fabricados mediante proceso indirecto (franc\u00e9s) y proceso directo, desarrollados para responder a los requisitos espec\u00edficos de cada aplicaci\u00f3n industrial.<\/p>\n<p>En el proceso indirecto, el material de alimentaci\u00f3n (FCC) consiste exclusivamente en zinc met\u00e1lico primario SHG de muy alta pureza, lo que permite obtener un \u00f3xido de zinc con niveles de pureza, estabilidad y consistencia excepcionales, ampliamente utilizado en sectores como pinturas, caucho, cer\u00e1mica, adhesivos, construcci\u00f3n y otras aplicaciones t\u00e9cnicas de alto rendimiento.<\/p>\n<p>Paralelamente, Everzinc incorpora residuos de zinc oxidado procedentes de la industria de transformaci\u00f3n del zinc como materia prima en su l\u00ednea de producci\u00f3n por proceso directo. Gracias a este enfoque, el grupo se sit\u00faa entre los mayores recicladores de residuos de la industria de la galvanizaci\u00f3n a nivel mundial. Actualmente, m\u00e1s del 40 % del zinc procesado proviene de fuentes secundarias, reduciendo el consumo de energ\u00eda y de materias primas primarias, sin comprometer los altos est\u00e1ndares de calidad del producto final.<\/p>\n<p>Dentro de su gama global de productos, Everzinc dispone tambi\u00e9n de un \u00f3xido de zinc GMP fabricado bajo estrictos est\u00e1ndares de calidad y cubierto por un Certificado Oficial CEP, destinado a aplicaciones que requieren cumplimiento regulatorio espec\u00edfico. Esta l\u00ednea especializada se presenta de forma independiente en znopharma.com, donde se detallan sus caracter\u00edsticas, certificaciones y usos regulados.<\/p>\n<p>Gracias a la combinaci\u00f3n de la experiencia comercial de Sodemin, la capacidad industrial de Everzinc y un firme compromiso con la calidad, la continuidad de suministro y la sostenibilidad, ofrecemos soluciones fiables y competitivas de \u00f3xido de zinc para una amplia variedad de sectores y aplicaciones.<\/p>\n","protected":false},"excerpt":{"rendered":"<p>Sodemin S.L. es una empresa espa\u00f1ola constituida en 1991, especializada en la distribuci\u00f3n de \u00f3xido de zinc para aplicaciones industriales y t\u00e9cnicas. Con m\u00e1s de 30 a\u00f1os de trayectoria, Sodemin act\u00faa como distribuidor autorizado en Espa\u00f1a y mercados seleccionados de Everzinc, l\u00edder mundial en la producci\u00f3n de \u00f3xido de zinc. Everzinc es el principal productor [&hellip;]<\/p>\n","protected":false},"author":1,"featured_media":0,"parent":2,"menu_order":0,"comment_status":"closed","ping_status":"closed","template":"","meta":{"_acf_changed":false,"om_disable_all_campaigns":false,"_monsterinsights_skip_tracking":false,"_monsterinsights_sitenote_active":false,"_monsterinsights_sitenote_note":"","_monsterinsights_sitenote_category":0,"footnotes":""},"categories":[],"class_list":["post-42","page","type-page","status-publish","hentry"],"acf":[],"aioseo_notices":[],"_links":{"self":[{"href":"http:\/\/oxidodezinc.es\/index.php\/wp-json\/wp\/v2\/pages\/42","targetHints":{"allow":["GET"]}}],"collection":[{"href":"http:\/\/oxidodezinc.es\/index.php\/wp-json\/wp\/v2\/pages"}],"about":[{"href":"http:\/\/oxidodezinc.es\/index.php\/wp-json\/wp\/v2\/types\/page"}],"author":[{"embeddable":true,"href":"http:\/\/oxidodezinc.es\/index.php\/wp-json\/wp\/v2\/users\/1"}],"replies":[{"embeddable":true,"href":"http:\/\/oxidodezinc.es\/index.php\/wp-json\/wp\/v2\/comments?post=42"}],"version-history":[{"count":9,"href":"http:\/\/oxidodezinc.es\/index.php\/wp-json\/wp\/v2\/pages\/42\/revisions"}],"predecessor-version":[{"id":237,"href":"http:\/\/oxidodezinc.es\/index.php\/wp-json\/wp\/v2\/pages\/42\/revisions\/237"}],"up":[{"embeddable":true,"href":"http:\/\/oxidodezinc.es\/index.php\/wp-json\/wp\/v2\/pages\/2"}],"wp:attachment":[{"href":"http:\/\/oxidodezinc.es\/index.php\/wp-json\/wp\/v2\/media?parent=42"}],"wp:term":[{"taxonomy":"category","embeddable":true,"href":"http:\/\/oxidodezinc.es\/index.php\/wp-json\/wp\/v2\/categories?post=42"}],"curies":[{"name":"wp","href":"https:\/\/api.w.org\/{rel}","templated":true}]}}